{"id":3753,"date":"2019-12-07T06:42:55","date_gmt":"2019-12-07T06:42:55","guid":{"rendered":"https:\/\/hoteltrinitadeicorsari.it\/camere\/"},"modified":"2022-02-15T08:24:50","modified_gmt":"2022-02-15T08:24:50","slug":"zimmer","status":"publish","type":"page","link":"https:\/\/hoteltrinitadeicorsari.it\/de\/zimmer\/","title":{"rendered":"Zimmer"},"content":{"rendered":"\t\t<div data-elementor-type=\"wp-page\" data-elementor-id=\"3753\" class=\"elementor elementor-3753 elementor-1990\" data-elementor-settings=\"[]\">\n\t\t\t\t\t\t\t<div class=\"elementor-section-wrap\">\n\t\t\t\t\t\t\t<div class=\"elementor-section elementor-top-section elementor-element elementor-element-efe3b06 elementor-section-stretched elementor-section-boxed elementor-section-height-default elementor-section-height-default\" data-id=\"efe3b06\" data-element_type=\"section\" data-settings=\"{&quot;stretch_section&quot;:&quot;section-stretched&quot;}\">\n\t\t\t\t\t\t<div class=\"elementor-container elementor-column-gap-no\">\n\t\t\t\t\t<div class=\"elementor-column elementor-col-100 elementor-top-column elementor-element elementor-element-ac0ca6a\" data-id=\"ac0ca6a\" data-element_type=\"column\">\n\t\t\t<div class=\"elementor-widget-wrap elementor-element-populated\">\n\t\t\t\t\t\t\t\t<div class=\"elementor-element elementor-element-dbf0220 elementor-widget elementor-widget-opal-room\" data-id=\"dbf0220\" data-element_type=\"widget\" data-settings=\"{&quot;columns&quot;:&quot;1&quot;,&quot;columns_tablet&quot;:&quot;2&quot;,&quot;columns_mobile&quot;:&quot;1&quot;}\" data-widget_type=\"opal-room.default\">\n\t\t\t\t<div class=\"elementor-widget-container\">\n\t\t\t        <div class=\"elementor-post-wrapper\" id=\"isotope-dbf0220\">\n            <div class=\"isotope-grid row tp-hotel-booking room-style-3\" data-elementor-columns=\"1\" data-elementor-columns-tablet=\"2\" data-elementor-columns-mobile=\"1\">\n\n                <div class=\"column-item room-entries __all 13-m2 \"><article id=\"post-3770\" class=\"room post-3770 hb_room type-hb_room status-publish has-post-thumbnail hentry hb_room_type-13-m2\">\n    <div class=\"room-inner\">\n        <div class=\"room-post-thumbnail\">\n                            <img width=\"700\" height=\"466\" src=\"https:\/\/hoteltrinitadeicorsari.it\/wp-content\/uploads\/2021\/11\/camera-matrimoniale-05-700x466.jpg\" class=\"attachment-erios-gallery-image size-erios-gallery-image wp-post-image\" alt=\"\" loading=\"lazy\" srcset=\"https:\/\/hoteltrinitadeicorsari.it\/wp-content\/uploads\/2021\/11\/camera-matrimoniale-05-700x466.jpg 700w, https:\/\/hoteltrinitadeicorsari.it\/wp-content\/uploads\/2021\/11\/camera-matrimoniale-05-300x200.jpg 300w, https:\/\/hoteltrinitadeicorsari.it\/wp-content\/uploads\/2021\/11\/camera-matrimoniale-05-768x512.jpg 768w, https:\/\/hoteltrinitadeicorsari.it\/wp-content\/uploads\/2021\/11\/camera-matrimoniale-05.jpg 1024w\" sizes=\"(max-width: 700px) 100vw, 700px\" \/>                    <\/div><!-- .post-thumbnail -->\n        <div class=\"room-content\">\n            <div class=\"room-content-inner\">\n                \r\n\n<div class=\"title\">\n    <h3 class=\"entry-title\">\n        <a href=\"https:\/\/hoteltrinitadeicorsari.it\/de\/rooms\/doppelzimmer\/\">Doppelzimmer<\/a>\n    <\/h3>\n<\/div>\n<div class=\"room-types\"><a href=\"https:\/\/hoteltrinitadeicorsari.it\/de\/room-type\/13-m2\/\" rel=\"tag\">13 m2<\/a><\/div>\n                <div class=\"room-description\">\n                    Im Hotel Trinit\u00e0 dei Corsari gibt es 10 Doppelzimmer. Alle Zimmer sind klimatisiert und verf\u00fcgen \u00fcber kostenloses Wi-Fi, eine Minibar, ein eigenes Badezimmer und einen Schreibtisch f\u00fcr den Komfort der G\u00e4ste. Einige dieser komfortablen Zimmer bieten einen Blick aufs Meer. Alle Zimmer sind neu renoviert. Zusatzbetten sind nicht m\u00f6glich. Nur ein Kinderbett (Typ Camping) f\u00fcr &hellip; <span class=\"more-link-wrap\"><a href=\"https:\/\/hoteltrinitadeicorsari.it\/de\/rooms\/doppelzimmer\/\" class=\"more-link\">Read More <span class=\"screen-reader-text\"> \"Doppelzimmer\"<\/span><\/a><\/span>                <\/div>\n                <div class=\"room-group-style-3\">\n                    \n\n    <div class=\"price\">\n        <span class=\"title-price\">From<\/span>\n\n\t\t            <span class=\"price_value price_min 1\" >&#36;0.0<\/span>\n\t\t\n        <span class=\"unit\">Night<\/span>\n    <\/div>\n                    <a class=\"room-read-link\" href=\"https:\/\/hoteltrinitadeicorsari.it\/de\/rooms\/doppelzimmer\/\">see detail<i class=\"opal-icon-long-arrow-right\"><\/i><\/a>\n                <\/div>\n\n            <\/div>\n        <\/div>\n    <\/div>\n<\/article><!-- #post-## --><\/div><div class=\"column-item room-entries __all 10-m2 \"><article id=\"post-3773\" class=\"room post-3773 hb_room type-hb_room status-publish has-post-thumbnail hentry hb_room_type-10-m2\">\n    <div class=\"room-inner\">\n        <div class=\"room-post-thumbnail\">\n                            <img width=\"700\" height=\"466\" src=\"https:\/\/hoteltrinitadeicorsari.it\/wp-content\/uploads\/2021\/05\/camera-singola-700x466.jpg\" class=\"attachment-erios-gallery-image size-erios-gallery-image wp-post-image\" alt=\"\" loading=\"lazy\" srcset=\"https:\/\/hoteltrinitadeicorsari.it\/wp-content\/uploads\/2021\/05\/camera-singola-700x466.jpg 700w, https:\/\/hoteltrinitadeicorsari.it\/wp-content\/uploads\/2021\/05\/camera-singola-300x200.jpg 300w, https:\/\/hoteltrinitadeicorsari.it\/wp-content\/uploads\/2021\/05\/camera-singola-768x512.jpg 768w, https:\/\/hoteltrinitadeicorsari.it\/wp-content\/uploads\/2021\/05\/camera-singola.jpg 1024w\" sizes=\"(max-width: 700px) 100vw, 700px\" \/>                    <\/div><!-- .post-thumbnail -->\n        <div class=\"room-content\">\n            <div class=\"room-content-inner\">\n                \r\n\n<div class=\"title\">\n    <h3 class=\"entry-title\">\n        <a href=\"https:\/\/hoteltrinitadeicorsari.it\/de\/rooms\/einzelzimmer\/\">Einzelzimmer<\/a>\n    <\/h3>\n<\/div>\n<div class=\"room-types\"><a href=\"https:\/\/hoteltrinitadeicorsari.it\/de\/room-type\/10-m2\/\" rel=\"tag\">10 m2<\/a><\/div>\n                <div class=\"room-description\">\n                    Das Hotel Trinit\u00e0 dei Corsari verf\u00fcgt \u00fcber 3 Einzelzimmer, die alle klimatisiert sind und \u00fcber kostenloses WLAN, eine Minibar, ein eigenes Bad und einen Schreibtisch verf\u00fcgen, um den G\u00e4sten Komfort zu bieten. Einige dieser komfortablen Zimmer bieten einen Blick aufs Meer. Alle Zimmer sind neu renoviert und eingerichtet. Zusatzbetten sind nicht verf\u00fcgbar. Nur ein Kinderbett &hellip; <span class=\"more-link-wrap\"><a href=\"https:\/\/hoteltrinitadeicorsari.it\/de\/rooms\/einzelzimmer\/\" class=\"more-link\">Read More <span class=\"screen-reader-text\"> \"Einzelzimmer\"<\/span><\/a><\/span>                <\/div>\n                <div class=\"room-group-style-3\">\n                    \n\n    <div class=\"price\">\n        <span class=\"title-price\">From<\/span>\n\n\t\t            <span class=\"price_value price_min 1\" >&#36;0.0<\/span>\n\t\t\n        <span class=\"unit\">Night<\/span>\n    <\/div>\n                    <a class=\"room-read-link\" href=\"https:\/\/hoteltrinitadeicorsari.it\/de\/rooms\/einzelzimmer\/\">see detail<i class=\"opal-icon-long-arrow-right\"><\/i><\/a>\n                <\/div>\n\n            <\/div>\n        <\/div>\n    <\/div>\n<\/article><!-- #post-## --><\/div>            <\/div>\n        <\/div>\n        \t\t<\/div>\n\t\t\t\t<\/div>\n\t\t\t\t\t<\/div>\n\t\t<\/div>\n\t\t\t\t\t\t\t<\/div>\n\t\t<\/div>\n\t\t\t\t\t\t<\/div>\n\t\t\t\t\t<\/div>\n\t\t","protected":false},"excerpt":{"rendered":"","protected":false},"author":1,"featured_media":0,"parent":0,"menu_order":0,"comment_status":"closed","ping_status":"closed","template":"page-elementor.php","meta":[],"yoast_head":"<!-- This site is optimized with the Yoast SEO plugin v17.0 - https:\/\/yoast.com\/wordpress\/plugins\/seo\/ -->\n<title>Hotel Costa Verde Sardegna - Torre dei Corsari - Hotel Trinit\u00e0 dei Corsari<\/title>\n<meta name=\"description\" content=\"Hotel e stelle a Torre dei Corsari con camere matrimoniali e singole, tutte dotate di climatizzatore, Wi-Fi gratuito, minibar, bagno interno.\" \/>\n<meta name=\"robots\" content=\"index, follow, max-snippet:-1, max-image-preview:large, max-video-preview:-1\" \/>\n<link rel=\"canonical\" href=\"https:\/\/hoteltrinitadeicorsari.it\/de\/zimmer\/\" \/>\n<meta property=\"og:locale\" content=\"de_DE\" \/>\n<meta property=\"og:type\" content=\"article\" \/>\n<meta property=\"og:title\" content=\"Hotel Costa Verde Sardegna - Torre dei Corsari - Hotel Trinit\u00e0 dei Corsari\" \/>\n<meta property=\"og:description\" content=\"Hotel e stelle a Torre dei Corsari con camere matrimoniali e singole, tutte dotate di climatizzatore, Wi-Fi gratuito, minibar, bagno interno.\" \/>\n<meta property=\"og:url\" content=\"https:\/\/hoteltrinitadeicorsari.it\/de\/zimmer\/\" \/>\n<meta property=\"og:site_name\" content=\"Hotel Trinit\u00e0 Dei Corsari\" \/>\n<meta property=\"article:publisher\" content=\"https:\/\/www.facebook.com\/Hotel-Trinit%c3%a0-dei-Corsari-106267371689046\" \/>\n<meta property=\"article:modified_time\" content=\"2022-02-15T08:24:50+00:00\" \/>\n<meta name=\"twitter:card\" content=\"summary_large_image\" \/>\n<script type=\"application\/ld+json\" class=\"yoast-schema-graph\">{\"@context\":\"https:\/\/schema.org\",\"@graph\":[{\"@type\":\"Organization\",\"@id\":\"https:\/\/hoteltrinitadeicorsari.it\/#organization\",\"name\":\"Hotel Trinit\\u00e0 dei Corsari\",\"url\":\"https:\/\/hoteltrinitadeicorsari.it\/\",\"sameAs\":[\"https:\/\/www.facebook.com\/Hotel-Trinit\\u00e0-dei-Corsari-106267371689046\",\"https:\/\/www.instagram.com\/hoteltrinitadeicorsari\/\"],\"logo\":{\"@type\":\"ImageObject\",\"@id\":\"https:\/\/hoteltrinitadeicorsari.it\/#logo\",\"inLanguage\":\"de-DE\",\"url\":\"https:\/\/hoteltrinitadeicorsari.it\/wp-content\/uploads\/2019\/07\/cropped-cropped-logo-trinita-dei-corsari.png\",\"contentUrl\":\"https:\/\/hoteltrinitadeicorsari.it\/wp-content\/uploads\/2019\/07\/cropped-cropped-logo-trinita-dei-corsari.png\",\"width\":512,\"height\":512,\"caption\":\"Hotel Trinit\\u00e0 dei Corsari\"},\"image\":{\"@id\":\"https:\/\/hoteltrinitadeicorsari.it\/#logo\"}},{\"@type\":\"WebSite\",\"@id\":\"https:\/\/hoteltrinitadeicorsari.it\/#website\",\"url\":\"https:\/\/hoteltrinitadeicorsari.it\/\",\"name\":\"Hotel Trinit\\u00e0 Dei Corsari\",\"description\":\"\",\"publisher\":{\"@id\":\"https:\/\/hoteltrinitadeicorsari.it\/#organization\"},\"potentialAction\":[{\"@type\":\"SearchAction\",\"target\":{\"@type\":\"EntryPoint\",\"urlTemplate\":\"https:\/\/hoteltrinitadeicorsari.it\/?s={search_term_string}\"},\"query-input\":\"required name=search_term_string\"}],\"inLanguage\":\"de-DE\"},{\"@type\":\"WebPage\",\"@id\":\"https:\/\/hoteltrinitadeicorsari.it\/de\/zimmer\/#webpage\",\"url\":\"https:\/\/hoteltrinitadeicorsari.it\/de\/zimmer\/\",\"name\":\"Hotel Costa Verde Sardegna - Torre dei Corsari - Hotel Trinit\\u00e0 dei Corsari\",\"isPartOf\":{\"@id\":\"https:\/\/hoteltrinitadeicorsari.it\/#website\"},\"datePublished\":\"2019-12-07T06:42:55+00:00\",\"dateModified\":\"2022-02-15T08:24:50+00:00\",\"description\":\"Hotel e stelle a Torre dei Corsari con camere matrimoniali e singole, tutte dotate di climatizzatore, Wi-Fi gratuito, minibar, bagno interno.\",\"breadcrumb\":{\"@id\":\"https:\/\/hoteltrinitadeicorsari.it\/de\/zimmer\/#breadcrumb\"},\"inLanguage\":\"de-DE\",\"potentialAction\":[{\"@type\":\"ReadAction\",\"target\":[\"https:\/\/hoteltrinitadeicorsari.it\/de\/zimmer\/\"]}]},{\"@type\":\"BreadcrumbList\",\"@id\":\"https:\/\/hoteltrinitadeicorsari.it\/de\/zimmer\/#breadcrumb\",\"itemListElement\":[{\"@type\":\"ListItem\",\"position\":1,\"name\":\"Home\",\"item\":\"https:\/\/hoteltrinitadeicorsari.it\/de\/\"},{\"@type\":\"ListItem\",\"position\":2,\"name\":\"Zimmer\"}]}]}<\/script>\n<!-- \/ Yoast SEO plugin. -->","yoast_head_json":{"title":"Hotel Costa Verde Sardegna - Torre dei Corsari - Hotel Trinit\u00e0 dei Corsari","description":"Hotel e stelle a Torre dei Corsari con camere matrimoniali e singole, tutte dotate di climatizzatore, Wi-Fi gratuito, minibar, bagno interno.","robots":{"index":"index","follow":"follow","max-snippet":"max-snippet:-1","max-image-preview":"max-image-preview:large","max-video-preview":"max-video-preview:-1"},"canonical":"https:\/\/hoteltrinitadeicorsari.it\/de\/zimmer\/","og_locale":"de_DE","og_type":"article","og_title":"Hotel Costa Verde Sardegna - Torre dei Corsari - Hotel Trinit\u00e0 dei Corsari","og_description":"Hotel e stelle a Torre dei Corsari con camere matrimoniali e singole, tutte dotate di climatizzatore, Wi-Fi gratuito, minibar, bagno interno.","og_url":"https:\/\/hoteltrinitadeicorsari.it\/de\/zimmer\/","og_site_name":"Hotel Trinit\u00e0 Dei Corsari","article_publisher":"https:\/\/www.facebook.com\/Hotel-Trinit%c3%a0-dei-Corsari-106267371689046","article_modified_time":"2022-02-15T08:24:50+00:00","twitter_card":"summary_large_image","schema":{"@context":"https:\/\/schema.org","@graph":[{"@type":"Organization","@id":"https:\/\/hoteltrinitadeicorsari.it\/#organization","name":"Hotel Trinit\u00e0 dei Corsari","url":"https:\/\/hoteltrinitadeicorsari.it\/","sameAs":["https:\/\/www.facebook.com\/Hotel-Trinit\u00e0-dei-Corsari-106267371689046","https:\/\/www.instagram.com\/hoteltrinitadeicorsari\/"],"logo":{"@type":"ImageObject","@id":"https:\/\/hoteltrinitadeicorsari.it\/#logo","inLanguage":"de-DE","url":"https:\/\/hoteltrinitadeicorsari.it\/wp-content\/uploads\/2019\/07\/cropped-cropped-logo-trinita-dei-corsari.png","contentUrl":"https:\/\/hoteltrinitadeicorsari.it\/wp-content\/uploads\/2019\/07\/cropped-cropped-logo-trinita-dei-corsari.png","width":512,"height":512,"caption":"Hotel Trinit\u00e0 dei Corsari"},"image":{"@id":"https:\/\/hoteltrinitadeicorsari.it\/#logo"}},{"@type":"WebSite","@id":"https:\/\/hoteltrinitadeicorsari.it\/#website","url":"https:\/\/hoteltrinitadeicorsari.it\/","name":"Hotel Trinit\u00e0 Dei Corsari","description":"","publisher":{"@id":"https:\/\/hoteltrinitadeicorsari.it\/#organization"},"potentialAction":[{"@type":"SearchAction","target":{"@type":"EntryPoint","urlTemplate":"https:\/\/hoteltrinitadeicorsari.it\/?s={search_term_string}"},"query-input":"required name=search_term_string"}],"inLanguage":"de-DE"},{"@type":"WebPage","@id":"https:\/\/hoteltrinitadeicorsari.it\/de\/zimmer\/#webpage","url":"https:\/\/hoteltrinitadeicorsari.it\/de\/zimmer\/","name":"Hotel Costa Verde Sardegna - Torre dei Corsari - Hotel Trinit\u00e0 dei Corsari","isPartOf":{"@id":"https:\/\/hoteltrinitadeicorsari.it\/#website"},"datePublished":"2019-12-07T06:42:55+00:00","dateModified":"2022-02-15T08:24:50+00:00","description":"Hotel e stelle a Torre dei Corsari con camere matrimoniali e singole, tutte dotate di climatizzatore, Wi-Fi gratuito, minibar, bagno interno.","breadcrumb":{"@id":"https:\/\/hoteltrinitadeicorsari.it\/de\/zimmer\/#breadcrumb"},"inLanguage":"de-DE","potentialAction":[{"@type":"ReadAction","target":["https:\/\/hoteltrinitadeicorsari.it\/de\/zimmer\/"]}]},{"@type":"BreadcrumbList","@id":"https:\/\/hoteltrinitadeicorsari.it\/de\/zimmer\/#breadcrumb","itemListElement":[{"@type":"ListItem","position":1,"name":"Home","item":"https:\/\/hoteltrinitadeicorsari.it\/de\/"},{"@type":"ListItem","position":2,"name":"Zimmer"}]}]}},"_links":{"self":[{"href":"https:\/\/hoteltrinitadeicorsari.it\/de\/wp-json\/wp\/v2\/pages\/3753"}],"collection":[{"href":"https:\/\/hoteltrinitadeicorsari.it\/de\/wp-json\/wp\/v2\/pages"}],"about":[{"href":"https:\/\/hoteltrinitadeicorsari.it\/de\/wp-json\/wp\/v2\/types\/page"}],"author":[{"embeddable":true,"href":"https:\/\/hoteltrinitadeicorsari.it\/de\/wp-json\/wp\/v2\/users\/1"}],"replies":[{"embeddable":true,"href":"https:\/\/hoteltrinitadeicorsari.it\/de\/wp-json\/wp\/v2\/comments?post=3753"}],"version-history":[{"count":1,"href":"https:\/\/hoteltrinitadeicorsari.it\/de\/wp-json\/wp\/v2\/pages\/3753\/revisions"}],"predecessor-version":[{"id":3761,"href":"https:\/\/hoteltrinitadeicorsari.it\/de\/wp-json\/wp\/v2\/pages\/3753\/revisions\/3761"}],"wp:attachment":[{"href":"https:\/\/hoteltrinitadeicorsari.it\/de\/wp-json\/wp\/v2\/media?parent=3753"}],"curies":[{"name":"wp","href":"https:\/\/api.w.org\/{rel}","templated":true}]}}